{"id":191,"date":"2026-03-10T20:49:14","date_gmt":"2026-03-10T20:49:14","guid":{"rendered":"https:\/\/z28.space\/?page_id=191"},"modified":"2026-05-11T13:39:37","modified_gmt":"2026-05-11T13:39:37","slug":"events","status":"publish","type":"page","link":"https:\/\/z28.space\/?page_id=191","title":{"rendered":"Events"},"content":{"rendered":"\t\t<div data-elementor-type=\"wp-page\" data-elementor-id=\"191\" class=\"elementor elementor-191\" data-elementor-post-type=\"page\">\n\t\t\t\t<div class=\"elementor-element elementor-element-f02003a e-flex e-con-boxed e-con e-parent\" data-id=\"f02003a\" data-element_type=\"container\" data-e-type=\"container\">\n\t\t\t\t\t<div class=\"e-con-inner\">\n\t\t\t\t<div class=\"elementor-element elementor-element-a5ca236 elementor-widget elementor-widget-heading\" data-id=\"a5ca236\" data-element_type=\"widget\" data-e-type=\"widget\" data-widget_type=\"heading.default\">\n\t\t\t\t\t<h1 class=\"elementor-heading-title elementor-size-default\">Was hier los ist...<\/h1>\t\t\t\t<\/div>\n\t\t\t\t\t<\/div>\n\t\t\t\t<\/div>\n\t\t<div class=\"elementor-element elementor-element-a43ec40 e-grid e-con-boxed e-con e-parent\" data-id=\"a43ec40\" data-element_type=\"container\" data-e-type=\"container\">\n\t\t\t\t\t<div class=\"e-con-inner\">\n\t\t\t\t<div class=\"elementor-element elementor-element-6543949 elementor-widget elementor-widget-spacer\" data-id=\"6543949\" data-element_type=\"widget\" data-e-type=\"widget\" data-widget_type=\"spacer.default\">\n\t\t\t\t\t\t\t<div class=\"elementor-spacer\">\n\t\t\t<div class=\"elementor-spacer-inner\"><\/div>\n\t\t<\/div>\n\t\t\t\t\t\t<\/div>\n\t\t\t\t\t<\/div>\n\t\t\t\t<\/div>\n\t\t<div class=\"elementor-element elementor-element-8417f5d e-flex e-con-boxed e-con e-parent\" data-id=\"8417f5d\" data-element_type=\"container\" data-e-type=\"container\">\n\t\t\t\t\t<div class=\"e-con-inner\">\n\t\t<div class=\"elementor-element elementor-element-83c794c e-con-full e-flex e-con e-child\" data-id=\"83c794c\" data-element_type=\"container\" data-e-type=\"container\">\n\t\t\t\t<div class=\"elementor-element elementor-element-99995b5 elementor-widget elementor-widget-image\" data-id=\"99995b5\" data-element_type=\"widget\" data-e-type=\"widget\" data-widget_type=\"image.default\">\n\t\t\t\t\t\t\t\t\t\t\t\t\t\t\t<img fetchpriority=\"high\" decoding=\"async\" width=\"800\" height=\"800\" src=\"https:\/\/z28.space\/wp-content\/uploads\/2026\/03\/openhouse-Digital-01-1024x1024.png\" class=\"attachment-large size-large wp-image-326\" alt=\"\" srcset=\"https:\/\/z28.space\/wp-content\/uploads\/2026\/03\/openhouse-Digital-01-1024x1024.png 1024w, https:\/\/z28.space\/wp-content\/uploads\/2026\/03\/openhouse-Digital-01-300x300.png 300w, https:\/\/z28.space\/wp-content\/uploads\/2026\/03\/openhouse-Digital-01-150x150.png 150w, https:\/\/z28.space\/wp-content\/uploads\/2026\/03\/openhouse-Digital-01-768x768.png 768w, https:\/\/z28.space\/wp-content\/uploads\/2026\/03\/openhouse-Digital-01-1536x1536.png 1536w, https:\/\/z28.space\/wp-content\/uploads\/2026\/03\/openhouse-Digital-01-2048x2048.png 2048w\" sizes=\"(max-width: 800px) 100vw, 800px\" \/>\t\t\t\t\t\t\t\t\t\t\t\t\t\t\t<\/div>\n\t\t\t\t<\/div>\n\t\t<div class=\"elementor-element elementor-element-9ddc02b e-con-full e-flex e-con e-child\" data-id=\"9ddc02b\" data-element_type=\"container\" data-e-type=\"container\">\n\t\t\t\t<div class=\"elementor-element elementor-element-6dfc59f elementor-widget elementor-widget-text-editor\" data-id=\"6dfc59f\" data-element_type=\"widget\" data-e-type=\"widget\" data-widget_type=\"text-editor.default\">\n\t\t\t\t\t\t\t\t\t<p>Das zimmer acht &amp; zwanzig \u00f6ffnet seine T\u00fcr und l\u00e4dt Euch herzlich ein. Ihr k\u00f6nnt den Raum erleben und das, was er beherbergt.<\/p><p>Die <span style=\"text-decoration: underline;\"><a href=\"https:\/\/vacay.dev\">Vacay GmbH<\/a><\/span> zeigt, wie Software Psychotherapie begleiten und unterst\u00fctzen kann.<br \/>Der <a href=\"https:\/\/bahnhof-langstadt.de\"><span style=\"text-decoration: underline;\">NBL e.V.<\/span><\/a> l\u00e4sst 2025 Revue passieren und schaut, was die Zukunft der kulturellen und medien\u00e4sthetischen Bildung bereit h\u00e4lt.<br \/>Bei <a href=\"https:\/\/zis-sachenauston.de\"><span style=\"text-decoration: underline;\">zis &#8211; sachen aus ton<\/span><\/a> k\u00f6nnt ihr ins T\u00f6pfern schnuppern und erfahren, welche Workshops und Angebote euch erwarten.<\/p><p>Begleitet wird der Tag von Medienkunst Installationen, Talks, Getr\u00e4nken und Snacks.<\/p><p>Der Eintritt ist frei.<\/p>\t\t\t\t\t\t\t\t<\/div>\n\t\t\t\t<\/div>\n\t\t\t\t\t<\/div>\n\t\t\t\t<\/div>\n\t\t<div class=\"elementor-element elementor-element-e2158da e-grid e-con-boxed e-con e-parent\" data-id=\"e2158da\" data-element_type=\"container\" data-e-type=\"container\">\n\t\t\t\t\t<div class=\"e-con-inner\">\n\t\t\t\t<div class=\"elementor-element elementor-element-77957c4 elementor-widget elementor-widget-spacer\" data-id=\"77957c4\" data-element_type=\"widget\" data-e-type=\"widget\" data-widget_type=\"spacer.default\">\n\t\t\t\t\t\t\t<div class=\"elementor-spacer\">\n\t\t\t<div class=\"elementor-spacer-inner\"><\/div>\n\t\t<\/div>\n\t\t\t\t\t\t<\/div>\n\t\t\t\t\t<\/div>\n\t\t\t\t<\/div>\n\t\t<div class=\"elementor-element elementor-element-16d6126 e-flex e-con-boxed e-con e-parent\" data-id=\"16d6126\" data-element_type=\"container\" data-e-type=\"container\">\n\t\t\t\t\t<div class=\"e-con-inner\">\n\t\t\t\t<div class=\"elementor-element elementor-element-b1cffcf elementor-widget elementor-widget-heading\" data-id=\"b1cffcf\" data-element_type=\"widget\" data-e-type=\"widget\" data-widget_type=\"heading.default\">\n\t\t\t\t\t<h2 class=\"elementor-heading-title elementor-size-default\">R\u00fcckblick<\/h2>\t\t\t\t<\/div>\n\t\t\t\t<div class=\"elementor-element elementor-element-157812a elementor-pagination-type-bullets elementor-arrows-position-inside elementor-pagination-position-outside elementor-widget elementor-widget-n-carousel\" data-id=\"157812a\" data-element_type=\"widget\" data-e-type=\"widget\" data-settings=\"{&quot;carousel_items&quot;:[{&quot;slide_title&quot;:&quot;Eintopf img&quot;,&quot;_id&quot;:&quot;b38ebd7&quot;},{&quot;slide_title&quot;:&quot;Eintopf #2&quot;,&quot;_id&quot;:&quot;19704fa&quot;},{&quot;slide_title&quot;:&quot;Swop img&quot;,&quot;_id&quot;:&quot;2138d09&quot;},{&quot;_id&quot;:&quot;1b1b353&quot;,&quot;slide_title&quot;:&quot;Swop #2&quot;}],&quot;slides_to_show&quot;:&quot;2&quot;,&quot;slides_to_scroll&quot;:&quot;2&quot;,&quot;slides_to_show_tablet&quot;:&quot;2&quot;,&quot;slides_to_show_mobile&quot;:&quot;1&quot;,&quot;autoplay&quot;:&quot;yes&quot;,&quot;autoplay_speed&quot;:5000,&quot;pause_on_hover&quot;:&quot;yes&quot;,&quot;pause_on_interaction&quot;:&quot;yes&quot;,&quot;infinite&quot;:&quot;yes&quot;,&quot;speed&quot;:500,&quot;offset_sides&quot;:&quot;none&quot;,&quot;arrows&quot;:&quot;yes&quot;,&quot;pagination&quot;:&quot;bullets&quot;,&quot;image_spacing_custom&quot;:{&quot;unit&quot;:&quot;px&quot;,&quot;size&quot;:10,&quot;sizes&quot;:[]},&quot;image_spacing_custom_tablet&quot;:{&quot;unit&quot;:&quot;px&quot;,&quot;size&quot;:&quot;&quot;,&quot;sizes&quot;:[]},&quot;image_spacing_custom_mobile&quot;:{&quot;unit&quot;:&quot;px&quot;,&quot;size&quot;:&quot;&quot;,&quot;sizes&quot;:[]}}\" data-widget_type=\"nested-carousel.default\">\n\t\t\t\t\t\t\t<div class=\"e-n-carousel swiper\" role=\"region\" aria-roledescription=\"carousel\" aria-label=\"Carousel\" dir=\"ltr\">\n\t\t\t<div class=\"swiper-wrapper\" aria-live=\"off\">\n\t\t\t\t\t\t\t\t\t\t<div class=\"swiper-slide\" data-slide=\"1\" role=\"group\" aria-roledescription=\"slide\" aria-label=\"1 of 4\">\n\t\t\t\t\t\t\t<div class=\"elementor-element elementor-element-653d558 e-flex e-con-boxed e-con e-child\" data-id=\"653d558\" data-element_type=\"container\" data-e-type=\"container\">\n\t\t\t\t\t<div class=\"e-con-inner\">\n\t\t<div class=\"elementor-element elementor-element-271e5cf e-con-full e-flex e-con e-child\" data-id=\"271e5cf\" data-element_type=\"container\" data-e-type=\"container\">\n\t\t\t\t<div class=\"elementor-element elementor-element-1f61d93 elementor-widget elementor-widget-image\" data-id=\"1f61d93\" data-element_type=\"widget\" data-e-type=\"widget\" data-widget_type=\"image.default\">\n\t\t\t\t\t\t\t\t\t\t\t\t\t\t\t<img decoding=\"async\" width=\"727\" height=\"1024\" src=\"https:\/\/z28.space\/wp-content\/uploads\/2026\/03\/EinTopf-EinePlatte_01-2026_Flyer_V5-03-727x1024.png\" class=\"attachment-large size-large wp-image-520\" alt=\"\" srcset=\"https:\/\/z28.space\/wp-content\/uploads\/2026\/03\/EinTopf-EinePlatte_01-2026_Flyer_V5-03-727x1024.png 727w, https:\/\/z28.space\/wp-content\/uploads\/2026\/03\/EinTopf-EinePlatte_01-2026_Flyer_V5-03-213x300.png 213w, https:\/\/z28.space\/wp-content\/uploads\/2026\/03\/EinTopf-EinePlatte_01-2026_Flyer_V5-03-768x1082.png 768w, https:\/\/z28.space\/wp-content\/uploads\/2026\/03\/EinTopf-EinePlatte_01-2026_Flyer_V5-03-1091x1536.png 1091w, https:\/\/z28.space\/wp-content\/uploads\/2026\/03\/EinTopf-EinePlatte_01-2026_Flyer_V5-03-1454x2048.png 1454w, https:\/\/z28.space\/wp-content\/uploads\/2026\/03\/EinTopf-EinePlatte_01-2026_Flyer_V5-03-scaled.png 1818w\" sizes=\"(max-width: 727px) 100vw, 727px\" \/>\t\t\t\t\t\t\t\t\t\t\t\t\t\t\t<\/div>\n\t\t\t\t<\/div>\n\t\t\t\t\t<\/div>\n\t\t\t\t<\/div>\n\t\t\t\t\t\t\t\t<\/div>\n\t\t\t\t\t\t\t\t\t\t\t<div class=\"swiper-slide\" data-slide=\"2\" role=\"group\" aria-roledescription=\"slide\" aria-label=\"2 of 4\">\n\t\t\t\t\t\t\t<div class=\"elementor-element elementor-element-832f4c1 e-flex e-con-boxed e-con e-child\" data-id=\"832f4c1\" data-element_type=\"container\" data-e-type=\"container\">\n\t\t\t\t\t<div class=\"e-con-inner\">\n\t\t<div class=\"elementor-element elementor-element-ab64733 e-con-full e-flex e-con e-child\" data-id=\"ab64733\" data-element_type=\"container\" data-e-type=\"container\">\n\t\t\t\t<div class=\"elementor-element elementor-element-23926dd e-transform elementor-widget elementor-widget-image\" data-id=\"23926dd\" data-element_type=\"widget\" data-e-type=\"widget\" data-settings=\"{&quot;_transform_scale_effect&quot;:{&quot;unit&quot;:&quot;px&quot;,&quot;size&quot;:1.2,&quot;sizes&quot;:[]},&quot;_transform_scale_effect_tablet&quot;:{&quot;unit&quot;:&quot;px&quot;,&quot;size&quot;:&quot;&quot;,&quot;sizes&quot;:[]},&quot;_transform_scale_effect_mobile&quot;:{&quot;unit&quot;:&quot;px&quot;,&quot;size&quot;:&quot;&quot;,&quot;sizes&quot;:[]}}\" data-widget_type=\"image.default\">\n\t\t\t\t\t\t\t\t\t\t\t\t\t\t\t<img decoding=\"async\" width=\"768\" height=\"1024\" src=\"https:\/\/z28.space\/wp-content\/uploads\/2026\/03\/IMG_0404-768x1024.jpg\" class=\"attachment-large size-large wp-image-519\" alt=\"\" srcset=\"https:\/\/z28.space\/wp-content\/uploads\/2026\/03\/IMG_0404-768x1024.jpg 768w, https:\/\/z28.space\/wp-content\/uploads\/2026\/03\/IMG_0404-225x300.jpg 225w, https:\/\/z28.space\/wp-content\/uploads\/2026\/03\/IMG_0404-1152x1536.jpg 1152w, https:\/\/z28.space\/wp-content\/uploads\/2026\/03\/IMG_0404.jpg 1536w\" sizes=\"(max-width: 768px) 100vw, 768px\" \/>\t\t\t\t\t\t\t\t\t\t\t\t\t\t\t<\/div>\n\t\t\t\t<\/div>\n\t\t\t\t\t<\/div>\n\t\t\t\t<\/div>\n\t\t\t\t\t\t\t\t<\/div>\n\t\t\t\t\t\t\t\t\t\t\t<div class=\"swiper-slide\" data-slide=\"3\" role=\"group\" aria-roledescription=\"slide\" aria-label=\"3 of 4\">\n\t\t\t\t\t\t\t<div class=\"elementor-element elementor-element-60c1df6 e-flex e-con-boxed e-con e-child\" data-id=\"60c1df6\" data-element_type=\"container\" data-e-type=\"container\">\n\t\t\t\t\t<div class=\"e-con-inner\">\n\t\t<div class=\"elementor-element elementor-element-7d3cbaa e-con-full e-flex e-con e-child\" data-id=\"7d3cbaa\" data-element_type=\"container\" data-e-type=\"container\">\n\t\t\t\t<div class=\"elementor-element elementor-element-05b1b91 e-transform elementor-widget elementor-widget-image\" data-id=\"05b1b91\" data-element_type=\"widget\" data-e-type=\"widget\" data-settings=\"{&quot;_transform_scale_effect&quot;:{&quot;unit&quot;:&quot;px&quot;,&quot;size&quot;:1,&quot;sizes&quot;:[]},&quot;_transform_scale_effect_tablet&quot;:{&quot;unit&quot;:&quot;px&quot;,&quot;size&quot;:&quot;&quot;,&quot;sizes&quot;:[]},&quot;_transform_scale_effect_mobile&quot;:{&quot;unit&quot;:&quot;px&quot;,&quot;size&quot;:&quot;&quot;,&quot;sizes&quot;:[]}}\" data-widget_type=\"image.default\">\n\t\t\t\t\t\t\t\t\t\t\t\t\t\t\t<img loading=\"lazy\" decoding=\"async\" width=\"800\" height=\"1000\" src=\"https:\/\/z28.space\/wp-content\/uploads\/2026\/03\/SwopAndShine_digital_02-2026-819x1024.png\" class=\"attachment-large size-large wp-image-507\" alt=\"\" srcset=\"https:\/\/z28.space\/wp-content\/uploads\/2026\/03\/SwopAndShine_digital_02-2026-819x1024.png 819w, https:\/\/z28.space\/wp-content\/uploads\/2026\/03\/SwopAndShine_digital_02-2026-240x300.png 240w, https:\/\/z28.space\/wp-content\/uploads\/2026\/03\/SwopAndShine_digital_02-2026-768x960.png 768w, https:\/\/z28.space\/wp-content\/uploads\/2026\/03\/SwopAndShine_digital_02-2026-1229x1536.png 1229w, https:\/\/z28.space\/wp-content\/uploads\/2026\/03\/SwopAndShine_digital_02-2026-1638x2048.png 1638w, https:\/\/z28.space\/wp-content\/uploads\/2026\/03\/SwopAndShine_digital_02-2026-scaled.png 2048w\" sizes=\"(max-width: 800px) 100vw, 800px\" \/>\t\t\t\t\t\t\t\t\t\t\t\t\t\t\t<\/div>\n\t\t\t\t<\/div>\n\t\t\t\t\t<\/div>\n\t\t\t\t<\/div>\n\t\t\t\t\t\t\t\t<\/div>\n\t\t\t\t\t\t\t\t\t\t\t<div class=\"swiper-slide\" data-slide=\"4\" role=\"group\" aria-roledescription=\"slide\" aria-label=\"4 of 4\">\n\t\t\t\t\t\t\t<div class=\"elementor-element elementor-element-2cf5a15 e-flex e-con-boxed e-con e-child\" data-id=\"2cf5a15\" data-element_type=\"container\" data-e-type=\"container\">\n\t\t\t\t\t<div class=\"e-con-inner\">\n\t\t<div class=\"elementor-element elementor-element-dcacffd e-con-full e-flex e-con e-child\" data-id=\"dcacffd\" data-element_type=\"container\" data-e-type=\"container\">\n\t\t\t\t<div class=\"elementor-element elementor-element-54adb97 e-transform elementor-widget elementor-widget-image\" data-id=\"54adb97\" data-element_type=\"widget\" data-e-type=\"widget\" data-settings=\"{&quot;_transform_scale_effect&quot;:{&quot;unit&quot;:&quot;px&quot;,&quot;size&quot;:1,&quot;sizes&quot;:[]},&quot;_transform_scale_effect_tablet&quot;:{&quot;unit&quot;:&quot;px&quot;,&quot;size&quot;:&quot;&quot;,&quot;sizes&quot;:[]},&quot;_transform_scale_effect_mobile&quot;:{&quot;unit&quot;:&quot;px&quot;,&quot;size&quot;:&quot;&quot;,&quot;sizes&quot;:[]}}\" data-widget_type=\"image.default\">\n\t\t\t\t\t\t\t\t\t\t\t\t\t\t\t<img loading=\"lazy\" decoding=\"async\" width=\"768\" height=\"1024\" src=\"https:\/\/z28.space\/wp-content\/uploads\/2026\/03\/IMG_3313-768x1024.jpg\" class=\"attachment-large size-large wp-image-518\" alt=\"\" srcset=\"https:\/\/z28.space\/wp-content\/uploads\/2026\/03\/IMG_3313-768x1024.jpg 768w, https:\/\/z28.space\/wp-content\/uploads\/2026\/03\/IMG_3313-225x300.jpg 225w, https:\/\/z28.space\/wp-content\/uploads\/2026\/03\/IMG_3313-1152x1536.jpg 1152w, https:\/\/z28.space\/wp-content\/uploads\/2026\/03\/IMG_3313-1536x2048.jpg 1536w, https:\/\/z28.space\/wp-content\/uploads\/2026\/03\/IMG_3313-scaled.jpg 1920w\" sizes=\"(max-width: 768px) 100vw, 768px\" \/>\t\t\t\t\t\t\t\t\t\t\t\t\t\t\t<\/div>\n\t\t\t\t<\/div>\n\t\t\t\t\t<\/div>\n\t\t\t\t<\/div>\n\t\t\t\t\t\t\t\t<\/div>\n\t\t\t\t\t\t\t\t<\/div>\n\t\t<\/div>\n\t\t\t\t\t<div class=\"elementor-swiper-button elementor-swiper-button-prev\" role=\"button\" tabindex=\"0\" aria-label=\"Previous\">\n\t\t\t\t<svg aria-hidden=\"true\" class=\"e-font-icon-svg e-eicon-chevron-left\" viewBox=\"0 0 1000 1000\" xmlns=\"http:\/\/www.w3.org\/2000\/svg\"><path d=\"M646 125C629 125 613 133 604 142L308 442C296 454 292 471 292 487 292 504 296 521 308 533L604 854C617 867 629 875 646 875 663 875 679 871 692 858 704 846 713 829 713 812 713 796 708 779 692 767L438 487 692 225C700 217 708 204 708 187 708 171 704 154 692 142 675 129 663 125 646 125Z\"><\/path><\/svg>\t\t\t<\/div>\n\t\t\t<div class=\"elementor-swiper-button elementor-swiper-button-next\" role=\"button\" tabindex=\"0\" aria-label=\"Next\">\n\t\t\t\t<svg aria-hidden=\"true\" class=\"e-font-icon-svg e-eicon-chevron-right\" viewBox=\"0 0 1000 1000\" xmlns=\"http:\/\/www.w3.org\/2000\/svg\"><path d=\"M696 533C708 521 713 504 713 487 713 471 708 454 696 446L400 146C388 133 375 125 354 125 338 125 325 129 313 142 300 154 292 171 292 187 292 204 296 221 308 233L563 492 304 771C292 783 288 800 288 817 288 833 296 850 308 863 321 871 338 875 354 875 371 875 388 867 400 854L696 533Z\"><\/path><\/svg>\t\t\t<\/div>\n\t\t\t\t\t<div class=\"swiper-pagination\"><\/div>\n\t\t\t\t\t\t<\/div>\n\t\t\t\t\t<\/div>\n\t\t\t\t<\/div>\n\t\t\t\t<\/div>\n\t\t","protected":false},"excerpt":{"rendered":"<p>Was hier los ist&#8230; Das zimmer acht &amp; zwanzig \u00f6ffnet seine T\u00fcr und l\u00e4dt Euch herzlich ein. Ihr k\u00f6nnt den Raum erleben und das, was er beherbergt. Die Vacay GmbH zeigt, wie Software Psychotherapie begleiten und unterst\u00fctzen kann.Der NBL e.V. l\u00e4sst 2025 Revue passieren und schaut, was die Zukunft der kulturellen und medien\u00e4sthetischen Bildung bereit [&hellip;]<\/p>\n","protected":false},"author":2,"featured_media":0,"parent":0,"menu_order":0,"comment_status":"closed","ping_status":"closed","template":"elementor_header_footer","meta":{"footnotes":""},"class_list":["post-191","page","type-page","status-publish","hentry"],"_links":{"self":[{"href":"https:\/\/z28.space\/index.php?rest_route=\/wp\/v2\/pages\/191","targetHints":{"allow":["GET"]}}],"collection":[{"href":"https:\/\/z28.space\/index.php?rest_route=\/wp\/v2\/pages"}],"about":[{"href":"https:\/\/z28.space\/index.php?rest_route=\/wp\/v2\/types\/page"}],"author":[{"embeddable":true,"href":"https:\/\/z28.space\/index.php?rest_route=\/wp\/v2\/users\/2"}],"replies":[{"embeddable":true,"href":"https:\/\/z28.space\/index.php?rest_route=%2Fwp%2Fv2%2Fcomments&post=191"}],"version-history":[{"count":109,"href":"https:\/\/z28.space\/index.php?rest_route=\/wp\/v2\/pages\/191\/revisions"}],"predecessor-version":[{"id":725,"href":"https:\/\/z28.space\/index.php?rest_route=\/wp\/v2\/pages\/191\/revisions\/725"}],"wp:attachment":[{"href":"https:\/\/z28.space\/index.php?rest_route=%2Fwp%2Fv2%2Fmedia&parent=191"}],"curies":[{"name":"wp","href":"https:\/\/api.w.org\/{rel}","templated":true}]}}